{"id":2166,"date":"2022-12-28T15:51:52","date_gmt":"2022-12-28T15:51:52","guid":{"rendered":"http:\/\/new.rgreeninvest.com\/legal-terms\/"},"modified":"2023-09-01T13:06:11","modified_gmt":"2023-09-01T13:06:11","slug":"legal-terms","status":"publish","type":"page","link":"https:\/\/www.rgreeninvest.com\/en\/legal-terms\/","title":{"rendered":"LEGAL TERMS"},"content":{"rendered":"<p>[et_pb_section fb_built=&#8221;1&#8243; _builder_version=&#8221;4.17.4&#8243; _module_preset=&#8221;default&#8221; background_image=&#8221;https:\/\/www.rgreeninvest.com\/wp-content\/uploads\/2022\/11\/RGREEN-INVEST__infrabridge-illustration_paysage.jpg&#8221; da_disable_devices=&#8221;off|off|off&#8221; global_colors_info=&#8221;{}&#8221; da_is_popup=&#8221;off&#8221; da_exit_intent=&#8221;off&#8221; da_has_close=&#8221;on&#8221; da_alt_close=&#8221;off&#8221; da_dark_close=&#8221;off&#8221; da_not_modal=&#8221;on&#8221; da_is_singular=&#8221;off&#8221; da_with_loader=&#8221;off&#8221; da_has_shadow=&#8221;on&#8221;][et_pb_row _builder_version=&#8221;4.17.4&#8243; _module_preset=&#8221;default&#8221; background_color=&#8221;#162659&#8243; width_tablet=&#8221;&#8221; width_phone=&#8221;90%&#8221; width_last_edited=&#8221;on|phone&#8221; custom_padding=&#8221;|20px||20px|false|true&#8221; global_colors_info=&#8221;{}&#8221;][et_pb_column type=&#8221;4_4&#8243; _builder_version=&#8221;4.17.4&#8243; _module_preset=&#8221;default&#8221; global_colors_info=&#8221;{}&#8221;][et_pb_text _builder_version=&#8221;4.17.4&#8243; _module_preset=&#8221;default&#8221; text_text_color=&#8221;#FFFFFF&#8221; header_font=&#8221;|300|||||||&#8221; header_text_color=&#8221;#FFFFFF&#8221; width=&#8221;70%&#8221; width_tablet=&#8221;100%&#8221; width_phone=&#8221;100%&#8221; width_last_edited=&#8221;on|phone&#8221; module_alignment=&#8221;center&#8221; global_colors_info=&#8221;{}&#8221;]<\/p>\n<h1 class=\"p1\"><\/h1>\n<h1 class=\"p1\"><\/h1>\n<h1 class=\"p1\">LEGAL TERMS<\/h1>\n<p class=\"p2\">\n<p class=\"p2\">This site is published by RGREEN INVEST. RGREEN INVEST is a portfolio management company approved by the French financial markets authority (Autorit\u00e9 des March\u00e9s Financiers, or AMF) as a portfolio management company under French law under number GP-15000021. RGREEN INVEST is a French Soci\u00e9t\u00e9 par Actions Simplifi\u00e9e with capital of \u20ac782,075, having its registered office at: 47 rue de Chaillot, 75116 Paris, France \/ Telephone: +33 (0)1 85 65 90 00 \/ SIREN no.: RCS Paris B 797 827 995 \/ SIRET no.: 79782799500045. The Publication Director and for legal information on RGREEN INVEST, please contact: Mr. Nicolas Rochon, President &amp; CEO. This site is hosted by: OVH, 2 rue Kellermann, 59100 Roubaix, France &#8211; Tel. +33 (0)9 72 10 10 07 DESIGN Agence ADVERIS and Agence Caroline Benech DEVELOPMENT Studiotronic. This site is subject to French law.<\/p>\n<h1 class=\"p2\"><\/h1>\n<h2 class=\"p2\"><span style=\"color: #ffffff;\">COPYRIGHT<\/span><\/h2>\n<p class=\"p2\">This entire site falls within the scope of international legislation on copyright, trademarks and, generally speaking, intellectual property, both as concerns its form (choice of form, site map, how contents are arranged, how data can be accessed and how data are organised, etc.), and as concerns each component of its content (text, images, etc.). That content, appearing on this site\u2019s pages, is the exclusive property of RGREEN INVEST and its contributors. You furthermore agree not to use that content and not to enable anyone to use that content for unlawful purposes. As an exception, some content (text, images) is the property of its respective authors Any reproduction, display, dissemination or rebroadcasting, in full or in part, of this site\u2019s content on any medium or using any process whatsoever (in particular via caching or framing), as well as any sale, resale, retransmission or provision thereof to a third party in any manner whatsoever is prohibited. Failure to comply with this restriction constitutes infringement which could cause the infringer to incur civil and criminal liability. Hypertext links to other sites cannot cause RGREEN INVEST to incur liability, in particular as pertains to those sites\u2019 content. The creation of hypertext links to this site is subject to RGREEN INVEST\u2019s prior, exclusive consent. Hypertext links to other sites from this site can in no event cause the company publishing the site to incur liability.<\/p>\n<h1 class=\"p2\"><\/h1>\n<h2 class=\"p2\"><span style=\"color: #ffffff;\">RGREEN INVEST\u2019S LIABILITY<\/span><\/h2>\n<p class=\"p2\">Users of the website www.rgreeninvest.com acknowledge that they have read this site\u2019s terms of use and agree to comply with them. RGREEN INVEST can be held liable for no direct or indirect harm or loss as may result from access to or use of the site and\/or of this information, including loss of access, the loss, alteration or destruction of data or viruses which could affect the user\u2019s computer equipment and\/or the presence of viruses on its site. While RGREEN INVEST strives to provide reliable content on its site, it does not warrant that its content is free of inaccuracies or omissions and may not be held liable for any errors or omissions or for ensuring that information and services are available. RGREEN INVEST reserves the right at all times and without notice to make improvements and\/or changes to its site\u2019s content. Accordingly, users acknowledge that they are using RGREEN INVEST\u2019s information under their exclusive liability.<\/p>\n<p class=\"p2\">\n<p class=\"p2\">\n<p>[\/et_pb_text][\/et_pb_column][\/et_pb_row][\/et_pb_section]<\/p>\n","protected":false},"excerpt":{"rendered":"<p>LEGAL TERMS This site is published by RGREEN INVEST. RGREEN INVEST is a portfolio management company approved by the French financial markets authority (Autorit\u00e9 des March\u00e9s Financiers, or AMF) as a portfolio management company under French law under number GP-15000021. RGREEN INVEST is a French Soci\u00e9t\u00e9 par Actions Simplifi\u00e9e with capital of \u20ac782,075, having its [&hellip;]<\/p>\n","protected":false},"author":4,"featured_media":786,"parent":0,"menu_order":0,"comment_status":"closed","ping_status":"closed","template":"","meta":{"_et_pb_use_builder":"on","_et_pb_old_content":"","_et_gb_content_width":"","inline_featured_image":false,"footnotes":""},"class_list":["post-2166","page","type-page","status-publish","has-post-thumbnail","hentry"],"yoast_head":"<!-- This site is optimized with the Yoast SEO plugin v27.4 - https:\/\/yoast.com\/product\/yoast-seo-wordpress\/ -->\n<title>LEGAL TERMS - RGREEN INVEST<\/title>\n<meta name=\"description\" content=\"This site is published by RGREEN INVEST. RGREEN INVEST is a portfolio management company approved by the French financial markets...\" \/>\n<meta name=\"robots\" content=\"index, follow, max-snippet:-1, max-image-preview:large, max-video-preview:-1\" \/>\n<link rel=\"canonical\" href=\"https:\/\/www.rgreeninvest.com\/en\/legal-terms\/\" \/>\n<meta property=\"og:locale\" content=\"en_US\" \/>\n<meta property=\"og:type\" content=\"article\" \/>\n<meta property=\"og:title\" content=\"LEGAL TERMS - RGREEN INVEST\" \/>\n<meta property=\"og:description\" content=\"This site is published by RGREEN INVEST. RGREEN INVEST is a portfolio management company approved by the French financial markets...\" \/>\n<meta property=\"og:url\" content=\"https:\/\/www.rgreeninvest.com\/en\/legal-terms\/\" \/>\n<meta property=\"og:site_name\" content=\"RGREEN INVEST\" \/>\n<meta property=\"article:modified_time\" content=\"2023-09-01T13:06:11+00:00\" \/>\n<meta property=\"og:image\" content=\"https:\/\/www.rgreeninvest.com\/wp-content\/uploads\/2022\/10\/favicon-rgreen.jpg\" \/>\n\t<meta property=\"og:image:width\" content=\"512\" \/>\n\t<meta property=\"og:image:height\" content=\"512\" \/>\n\t<meta property=\"og:image:type\" content=\"image\/jpeg\" \/>\n<meta name=\"twitter:card\" content=\"summary_large_image\" \/>\n<meta name=\"twitter:site\" content=\"@rgreeninvest\" \/>\n<meta name=\"twitter:label1\" content=\"Est. reading time\" \/>\n\t<meta name=\"twitter:data1\" content=\"3 minutes\" \/>\n<script type=\"application\/ld+json\" class=\"yoast-schema-graph\">{\"@context\":\"https:\\\/\\\/schema.org\",\"@graph\":[{\"@type\":\"WebPage\",\"@id\":\"https:\\\/\\\/www.rgreeninvest.com\\\/en\\\/legal-terms\\\/\",\"url\":\"https:\\\/\\\/www.rgreeninvest.com\\\/en\\\/legal-terms\\\/\",\"name\":\"LEGAL TERMS - RGREEN INVEST\",\"isPartOf\":{\"@id\":\"https:\\\/\\\/www.rgreeninvest.com\\\/#website\"},\"primaryImageOfPage\":{\"@id\":\"https:\\\/\\\/www.rgreeninvest.com\\\/en\\\/legal-terms\\\/#primaryimage\"},\"image\":{\"@id\":\"https:\\\/\\\/www.rgreeninvest.com\\\/en\\\/legal-terms\\\/#primaryimage\"},\"thumbnailUrl\":\"https:\\\/\\\/www.rgreeninvest.com\\\/wp-content\\\/uploads\\\/2022\\\/10\\\/favicon-rgreen.jpg\",\"datePublished\":\"2022-12-28T15:51:52+00:00\",\"dateModified\":\"2023-09-01T13:06:11+00:00\",\"description\":\"This site is published by RGREEN INVEST. RGREEN INVEST is a portfolio management company approved by the French financial markets...\",\"breadcrumb\":{\"@id\":\"https:\\\/\\\/www.rgreeninvest.com\\\/en\\\/legal-terms\\\/#breadcrumb\"},\"inLanguage\":\"en-US\",\"potentialAction\":[{\"@type\":\"ReadAction\",\"target\":[\"https:\\\/\\\/www.rgreeninvest.com\\\/en\\\/legal-terms\\\/\"]}]},{\"@type\":\"ImageObject\",\"inLanguage\":\"en-US\",\"@id\":\"https:\\\/\\\/www.rgreeninvest.com\\\/en\\\/legal-terms\\\/#primaryimage\",\"url\":\"https:\\\/\\\/www.rgreeninvest.com\\\/wp-content\\\/uploads\\\/2022\\\/10\\\/favicon-rgreen.jpg\",\"contentUrl\":\"https:\\\/\\\/www.rgreeninvest.com\\\/wp-content\\\/uploads\\\/2022\\\/10\\\/favicon-rgreen.jpg\",\"width\":512,\"height\":512,\"caption\":\"RGREEN INVEST, finance durable\"},{\"@type\":\"BreadcrumbList\",\"@id\":\"https:\\\/\\\/www.rgreeninvest.com\\\/en\\\/legal-terms\\\/#breadcrumb\",\"itemListElement\":[{\"@type\":\"ListItem\",\"position\":1,\"name\":\"Accueil\",\"item\":\"https:\\\/\\\/www.rgreeninvest.com\\\/en\\\/\"},{\"@type\":\"ListItem\",\"position\":2,\"name\":\"LEGAL TERMS\"}]},{\"@type\":\"WebSite\",\"@id\":\"https:\\\/\\\/www.rgreeninvest.com\\\/#website\",\"url\":\"https:\\\/\\\/www.rgreeninvest.com\\\/\",\"name\":\"RGREEN INVEST\",\"description\":\"L&#039;av\u00e8nement de la finance verte\",\"publisher\":{\"@id\":\"https:\\\/\\\/www.rgreeninvest.com\\\/#organization\"},\"potentialAction\":[{\"@type\":\"SearchAction\",\"target\":{\"@type\":\"EntryPoint\",\"urlTemplate\":\"https:\\\/\\\/www.rgreeninvest.com\\\/?s={search_term_string}\"},\"query-input\":{\"@type\":\"PropertyValueSpecification\",\"valueRequired\":true,\"valueName\":\"search_term_string\"}}],\"inLanguage\":\"en-US\"},{\"@type\":\"Organization\",\"@id\":\"https:\\\/\\\/www.rgreeninvest.com\\\/#organization\",\"name\":\"RGREEN INVEST\",\"url\":\"https:\\\/\\\/www.rgreeninvest.com\\\/\",\"logo\":{\"@type\":\"ImageObject\",\"inLanguage\":\"en-US\",\"@id\":\"https:\\\/\\\/www.rgreeninvest.com\\\/#\\\/schema\\\/logo\\\/image\\\/\",\"url\":\"https:\\\/\\\/new.rgreeninvest.com\\\/wp-content\\\/uploads\\\/2022\\\/10\\\/LOGO-RGREEN.svg\",\"contentUrl\":\"https:\\\/\\\/new.rgreeninvest.com\\\/wp-content\\\/uploads\\\/2022\\\/10\\\/LOGO-RGREEN.svg\",\"width\":\"1024\",\"height\":\"1024\",\"caption\":\"RGREEN INVEST\"},\"image\":{\"@id\":\"https:\\\/\\\/www.rgreeninvest.com\\\/#\\\/schema\\\/logo\\\/image\\\/\"},\"sameAs\":[\"https:\\\/\\\/x.com\\\/rgreeninvest\",\"https:\\\/\\\/www.youtube.com\\\/channel\\\/UCbqXAeTwwy91wzJmjBXxyLg\",\"https:\\\/\\\/fr.linkedin.com\\\/company\\\/rgreen\"]}]}<\/script>\n<!-- \/ Yoast SEO plugin. -->","yoast_head_json":{"title":"LEGAL TERMS - RGREEN INVEST","description":"This site is published by RGREEN INVEST. RGREEN INVEST is a portfolio management company approved by the French financial markets...","robots":{"index":"index","follow":"follow","max-snippet":"max-snippet:-1","max-image-preview":"max-image-preview:large","max-video-preview":"max-video-preview:-1"},"canonical":"https:\/\/www.rgreeninvest.com\/en\/legal-terms\/","og_locale":"en_US","og_type":"article","og_title":"LEGAL TERMS - RGREEN INVEST","og_description":"This site is published by RGREEN INVEST. RGREEN INVEST is a portfolio management company approved by the French financial markets...","og_url":"https:\/\/www.rgreeninvest.com\/en\/legal-terms\/","og_site_name":"RGREEN INVEST","article_modified_time":"2023-09-01T13:06:11+00:00","og_image":[{"width":512,"height":512,"url":"https:\/\/www.rgreeninvest.com\/wp-content\/uploads\/2022\/10\/favicon-rgreen.jpg","type":"image\/jpeg"}],"twitter_card":"summary_large_image","twitter_site":"@rgreeninvest","twitter_misc":{"Est. reading time":"3 minutes"},"schema":{"@context":"https:\/\/schema.org","@graph":[{"@type":"WebPage","@id":"https:\/\/www.rgreeninvest.com\/en\/legal-terms\/","url":"https:\/\/www.rgreeninvest.com\/en\/legal-terms\/","name":"LEGAL TERMS - RGREEN INVEST","isPartOf":{"@id":"https:\/\/www.rgreeninvest.com\/#website"},"primaryImageOfPage":{"@id":"https:\/\/www.rgreeninvest.com\/en\/legal-terms\/#primaryimage"},"image":{"@id":"https:\/\/www.rgreeninvest.com\/en\/legal-terms\/#primaryimage"},"thumbnailUrl":"https:\/\/www.rgreeninvest.com\/wp-content\/uploads\/2022\/10\/favicon-rgreen.jpg","datePublished":"2022-12-28T15:51:52+00:00","dateModified":"2023-09-01T13:06:11+00:00","description":"This site is published by RGREEN INVEST. RGREEN INVEST is a portfolio management company approved by the French financial markets...","breadcrumb":{"@id":"https:\/\/www.rgreeninvest.com\/en\/legal-terms\/#breadcrumb"},"inLanguage":"en-US","potentialAction":[{"@type":"ReadAction","target":["https:\/\/www.rgreeninvest.com\/en\/legal-terms\/"]}]},{"@type":"ImageObject","inLanguage":"en-US","@id":"https:\/\/www.rgreeninvest.com\/en\/legal-terms\/#primaryimage","url":"https:\/\/www.rgreeninvest.com\/wp-content\/uploads\/2022\/10\/favicon-rgreen.jpg","contentUrl":"https:\/\/www.rgreeninvest.com\/wp-content\/uploads\/2022\/10\/favicon-rgreen.jpg","width":512,"height":512,"caption":"RGREEN INVEST, finance durable"},{"@type":"BreadcrumbList","@id":"https:\/\/www.rgreeninvest.com\/en\/legal-terms\/#breadcrumb","itemListElement":[{"@type":"ListItem","position":1,"name":"Accueil","item":"https:\/\/www.rgreeninvest.com\/en\/"},{"@type":"ListItem","position":2,"name":"LEGAL TERMS"}]},{"@type":"WebSite","@id":"https:\/\/www.rgreeninvest.com\/#website","url":"https:\/\/www.rgreeninvest.com\/","name":"RGREEN INVEST","description":"L&#039;av\u00e8nement de la finance verte","publisher":{"@id":"https:\/\/www.rgreeninvest.com\/#organization"},"potentialAction":[{"@type":"SearchAction","target":{"@type":"EntryPoint","urlTemplate":"https:\/\/www.rgreeninvest.com\/?s={search_term_string}"},"query-input":{"@type":"PropertyValueSpecification","valueRequired":true,"valueName":"search_term_string"}}],"inLanguage":"en-US"},{"@type":"Organization","@id":"https:\/\/www.rgreeninvest.com\/#organization","name":"RGREEN INVEST","url":"https:\/\/www.rgreeninvest.com\/","logo":{"@type":"ImageObject","inLanguage":"en-US","@id":"https:\/\/www.rgreeninvest.com\/#\/schema\/logo\/image\/","url":"https:\/\/new.rgreeninvest.com\/wp-content\/uploads\/2022\/10\/LOGO-RGREEN.svg","contentUrl":"https:\/\/new.rgreeninvest.com\/wp-content\/uploads\/2022\/10\/LOGO-RGREEN.svg","width":"1024","height":"1024","caption":"RGREEN INVEST"},"image":{"@id":"https:\/\/www.rgreeninvest.com\/#\/schema\/logo\/image\/"},"sameAs":["https:\/\/x.com\/rgreeninvest","https:\/\/www.youtube.com\/channel\/UCbqXAeTwwy91wzJmjBXxyLg","https:\/\/fr.linkedin.com\/company\/rgreen"]}]}},"_links":{"self":[{"href":"https:\/\/www.rgreeninvest.com\/en\/wp-json\/wp\/v2\/pages\/2166","targetHints":{"allow":["GET"]}}],"collection":[{"href":"https:\/\/www.rgreeninvest.com\/en\/wp-json\/wp\/v2\/pages"}],"about":[{"href":"https:\/\/www.rgreeninvest.com\/en\/wp-json\/wp\/v2\/types\/page"}],"author":[{"embeddable":true,"href":"https:\/\/www.rgreeninvest.com\/en\/wp-json\/wp\/v2\/users\/4"}],"replies":[{"embeddable":true,"href":"https:\/\/www.rgreeninvest.com\/en\/wp-json\/wp\/v2\/comments?post=2166"}],"version-history":[{"count":13,"href":"https:\/\/www.rgreeninvest.com\/en\/wp-json\/wp\/v2\/pages\/2166\/revisions"}],"predecessor-version":[{"id":4619,"href":"https:\/\/www.rgreeninvest.com\/en\/wp-json\/wp\/v2\/pages\/2166\/revisions\/4619"}],"wp:featuredmedia":[{"embeddable":true,"href":"https:\/\/www.rgreeninvest.com\/en\/wp-json\/wp\/v2\/media\/786"}],"wp:attachment":[{"href":"https:\/\/www.rgreeninvest.com\/en\/wp-json\/wp\/v2\/media?parent=2166"}],"curies":[{"name":"wp","href":"https:\/\/api.w.org\/{rel}","templated":true}]}}